{"id":2,"date":"2013-10-18T12:56:56","date_gmt":"2013-10-18T12:56:56","guid":{"rendered":"http:\/\/localhost\/apsentorno\/instances\/5215cbee16caf\/htdocs\/?page_id=2"},"modified":"2014-03-19T10:22:31","modified_gmt":"2014-03-19T10:22:31","slug":"sample-page","status":"publish","type":"page","link":"https:\/\/greschbach-automobile.de\/?page_id=2","title":{"rendered":"The Story"},"content":{"rendered":"<h1>Die Mercedes Benz Rallye Story<\/h1>\n<p>Am 1. November 1980 hatte das Munkeln und Ahnen ein Ende. Walter R\u00f6hrl hatte<br \/>\nsich nach langer \u00dcberlegung entschlossen, f\u00fcr Mercedes-Benz ab 1981 Rallyes zu fahren.<br \/>\nWeitere Verst\u00e4rkung auf Fahrer-Seite sollte der Finne Ari Vatanen bringen.<\/p>\n<p><a href=\"https:\/\/greschbach-automobile.de\/wp-content\/uploads\/2013\/10\/roehrl_port_web.jpg\"><img loading=\"lazy\" decoding=\"async\" class=\"alignnone size-medium wp-image-49\" alt=\"roehrl_port_web\" src=\"https:\/\/greschbach-automobile.de\/wp-content\/uploads\/2013\/10\/roehrl_port_web-207x300.jpg\" width=\"309\" height=\"442\" \/><\/a><\/p>\n<p>Als Fahrzeug wurde der 500 SL ausgew\u00e4hlt, der durch seinen k\u00fcrzeren Radstand mehr<br \/>\nAussicht auf Erfolg versprach. In seinem Buch &gt;R\u00fcckspiegel&lt; beschreibt<br \/>\nWalter R\u00f6hrl seine Eindr\u00fccke:<\/p>\n<p>&gt; Mit dem kurzen 500 SL beim Training in<br \/>\nMonte Carlo. Das Auto ging auf trockener<br \/>\nStra\u00dfe gut, ich f\u00fchlte mich schnell wohl in<br \/>\ndiesem SL. Er hatte was Brachiales, mit 385<br \/>\nPS und diesem B\u00e4rensound. Wir fuhren<br \/>\neine F\u00fcnffgang-Automaten, sollten aber ein<br \/>\nSchaltgetriebe bekommen. &lt;<\/p>\n<p>Nur knapp 6 Wochen nach Vertragsunterzeichnung, entschied sich der Vorstand der<br \/>\nDaimler-Benz AG, sich aus dem Motorsport zur\u00fcck zu ziehen. Gr\u00fcnde wurden viele geliefert.<br \/>\nAls ein Hauptgrund f\u00fcr den Ausstieg wird oft die Anfrage des Vorstandes auf<br \/>\neinen \u201esicheren\u201c Erfolg genannt. Im Rallye Sport sind Erfolge von vielen Faktoren<br \/>\nabh\u00e4ngig und so konnte auch ein Weltklassefahrer wie Walter R\u00f6hrl diesen nicht<br \/>\nversprechen. Walter R\u00f6hrl erz\u00e4hlt in seinem Buch weiter:<\/p>\n<p>&gt;Den 500 SL h\u00e4tte ich gerne gehabt, aber<br \/>\nich war bei der Vertragsaufl\u00f6sung nicht<br \/>\nkonsequent genug, und das Auto wurde an<br \/>\njemand anderen verkauft.&lt;<\/p>\n<p><a href=\"https:\/\/greschbach-automobile.de\/wp-content\/uploads\/2013\/10\/Roehrl1.jpg\"><img loading=\"lazy\" decoding=\"async\" class=\"alignnone size-medium wp-image-51\" alt=\"Roehrl1\" src=\"https:\/\/greschbach-automobile.de\/wp-content\/uploads\/2013\/10\/Roehrl1-300x208.jpg\" width=\"300\" height=\"208\" srcset=\"https:\/\/greschbach-automobile.de\/wp-content\/uploads\/2013\/10\/Roehrl1-300x208.jpg 300w, https:\/\/greschbach-automobile.de\/wp-content\/uploads\/2013\/10\/Roehrl1-431x300.jpg 431w, https:\/\/greschbach-automobile.de\/wp-content\/uploads\/2013\/10\/Roehrl1.jpg 814w\" sizes=\"auto, (max-width: 300px) 100vw, 300px\" \/><\/a><\/p>\n<p>&nbsp;<\/p>\n<p>Die Chancen einen original 500 SL Werkswagen zu erwerben, waren also auch 1983<br \/>\nschon recht rar!<\/p>\n<p>Nun wurden nicht nur alle werksseitigen Rallye-Aktivit\u00e4ten eingestellt, auch das gesamte Rallye-Paket wurde verkauft. Lesen Sie unter <a title=\"Transfer\" href=\"https:\/\/greschbach-automobile.de\/?page_id=36\">TRANSFER<\/a> wie dies vor sich ging.<\/p>\n<p>&nbsp;<\/p>\n","protected":false},"excerpt":{"rendered":"<p>Die Mercedes Benz Rallye Story Am 1. November 1980 hatte das Munkeln und Ahnen ein Ende. Walter R\u00f6hrl hatte sich nach langer \u00dcberlegung entschlossen, f\u00fcr Mercedes-Benz ab 1981 Rallyes zu fahren. Weitere Verst\u00e4rkung auf Fahrer-Seite sollte der Finne Ari Vatanen bringen. Als Fahrzeug wurde der 500 SL ausgew\u00e4hlt, der durch seinen k\u00fcrzeren Radstand mehr Aussicht auf Erfolg versprach. In seinem Buch &gt;R\u00fcckspiegel&lt; beschreibt Walter R\u00f6hrl seine Eindr\u00fccke: &gt; Mit dem kurzen 500 SL beim Training in Monte Carlo. Das Auto ging auf trockener Stra\u00dfe gut, ich f\u00fchlte mich schnell wohl in diesem SL. Er hatte was Brachiales, mit 385 PS und diesem B\u00e4rensound. Wir fuhren<a class=\"more-link\" href=\"https:\/\/greschbach-automobile.de\/?page_id=2\">Read More &rarr;<\/a><\/p>\n","protected":false},"author":1,"featured_media":0,"parent":0,"menu_order":0,"comment_status":"closed","ping_status":"closed","template":"showcase.php","meta":{"ngg_post_thumbnail":0,"footnotes":""},"class_list":["entry","page","publish","author-Buster","post-2"],"_links":{"self":[{"href":"https:\/\/greschbach-automobile.de\/index.php?rest_route=\/wp\/v2\/pages\/2","targetHints":{"allow":["GET"]}}],"collection":[{"href":"https:\/\/greschbach-automobile.de\/index.php?rest_route=\/wp\/v2\/pages"}],"about":[{"href":"https:\/\/greschbach-automobile.de\/index.php?rest_route=\/wp\/v2\/types\/page"}],"author":[{"embeddable":true,"href":"https:\/\/greschbach-automobile.de\/index.php?rest_route=\/wp\/v2\/users\/1"}],"replies":[{"embeddable":true,"href":"https:\/\/greschbach-automobile.de\/index.php?rest_route=%2Fwp%2Fv2%2Fcomments&post=2"}],"version-history":[{"count":7,"href":"https:\/\/greschbach-automobile.de\/index.php?rest_route=\/wp\/v2\/pages\/2\/revisions"}],"predecessor-version":[{"id":78,"href":"https:\/\/greschbach-automobile.de\/index.php?rest_route=\/wp\/v2\/pages\/2\/revisions\/78"}],"wp:attachment":[{"href":"https:\/\/greschbach-automobile.de\/index.php?rest_route=%2Fwp%2Fv2%2Fmedia&parent=2"}],"curies":[{"name":"wp","href":"https:\/\/api.w.org\/{rel}","templated":true}]}}